{"id":27,"date":"2018-11-01T14:36:36","date_gmt":"2018-11-01T14:36:36","guid":{"rendered":"https:\/\/demo-content.kaliumtheme.com\/medical\/?page_id=27"},"modified":"2020-08-17T05:00:36","modified_gmt":"2020-08-17T03:00:36","slug":"wir-ueber-uns","status":"publish","type":"page","link":"https:\/\/radentec.de\/wordpress\/wir-ueber-uns\/","title":{"rendered":"Wir \u00fcber uns"},"content":{"rendered":"<section class=\"wpb-content-wrapper\"><p>[vc_row el_class=&#8220;departments-title&#8220;][vc_column][vc_custom_heading text=&#8220;Wir \u00fcber uns&#8220; font_container=&#8220;tag:h1|text_align:left&#8220; use_theme_fonts=&#8220;yes&#8220; el_class=&#8220;section-heading&#8220;][vc_column_text css=&#8220;.vc_custom_1597633233327{margin-bottom: 0px !important;}&#8220;]<img loading=\"lazy\" decoding=\"async\" class=\"alignright size-full wp-image-1463\" src=\"https:\/\/radentec.de\/wordpress\/wp-content\/uploads\/2020\/08\/big_39802864_0_300-200.jpg\" alt=\"\" width=\"300\" height=\"200\" \/>Das Dentallabor Radentec hat sich ganz der Restauration von Z\u00e4hnen verschrieben. Wir sind Ihr Ansprechpartner f\u00fcr authentischen, langlebigen\u00a0 Zahnersatz aus Keramiken, thermoplastischen Kunststoffen und Metallen. Wir fertigen individuellen Zahnersatz wie Kronen, Inlays, implantatgetragenen Zahnersatz oder Prothesen an. Dieser ist nach Ihren Bed\u00fcrfnissen ma\u00dfgeschneidert, denn kein Zahn gleicht dem anderen! So wird Zahnersatz nach wie vor von uns in pr\u00e4ziser Handarbeit gefertigt.<\/p>\n<p><a href=\"unser-labor.html\">Unser Labor<\/a>\u00a0ist unter anderem spezialisiert auf die Herstellung und Verarbeitung von keramischem Zahnersatz aus Zirkonoxid sowie aus themoplastischen Kunststoffen. Das Mineral Zirkon wird seit \u00fcber einem Jahrzehnt in der Zahnmedizin eingesetzt und ist eine erstklassige und preiswerte Alternative zu anderen keramischen Materialien und Edelmetallen. Alternativ verwenden wir innovative Kunststofftechniken, die es uns erlauben metallfreien Zahnersatz herzustellen.<\/p>\n<h2><\/h2>\n<h2>Von uns erhalten Sie u. a.:<\/h2>\n<ul>\n<li>\n<p class=\"western\">Implantat getragene Versorgungen<\/p>\n<\/li>\n<li>Festsitzenden und herausnehmbaren Zahnersatz aus Kunststoff, Keramik und Metall<\/li>\n<li>\n<p class=\"western\">Br\u00fccken<\/p>\n<\/li>\n<li>\n<p class=\"western\">Kronen<\/p>\n<\/li>\n<li>\n<p class=\"western\">Prothesen<\/p>\n<\/li>\n<\/ul>\n<h2><\/h2>\n<h2>Dar\u00fcber hinaus bieten wir verschiedene Leistungen der Zahnkosmetik an, wie:<\/h2>\n<ul>\n<li>\n<p class=\"western\">Verblendschalen (Veneers) und<\/p>\n<\/li>\n<li>\n<p class=\"western\">\u00c4sthetische individuelle Frontzahnkeramik<\/p>\n<\/li>\n<\/ul>\n<p>&nbsp;<\/p>\n<p>Unser Unternehmen versteht sich als\u00a0<strong>Ansprechpartner f\u00fcr Kunden\/Patienten und Zahn\u00e4rzte<\/strong>\u00a0gleicherma\u00dfen. Eine Zusammenarbeit auf Augenh\u00f6he schafft eine Kommunikation des Vertrauens und des Erfolgs f\u00fcr alle Beteiligten.<\/p>\n<p>Ob anspruchsvoller, hochwertiger Zahnersatz oder Standardversorgungen, unser Anspruch ist es, erstklassige Qualit\u00e4t und Sicherheit rund um Ihre Z\u00e4hne zu gew\u00e4hrleisten. Und das f\u00fcr jeden Geldbeutel. Unser Zahnersatz wird ausschlie\u00dflich in unserem eigenen Labor in Viernheim gefertigt.[\/vc_column_text][\/vc_column][\/vc_row]<\/p>\n<\/section>","protected":false},"excerpt":{"rendered":"<p>[vc_row el_class=&#8220;departments-title&#8220;][vc_column][vc_custom_heading text=&#8220;Wir \u00fcber uns&#8220; font_container=&#8220;tag:h1|text_align:left&#8220; use_theme_fonts=&#8220;yes&#8220; el_class=&#8220;section-heading&#8220;][vc_column_text css=&#8220;.vc_custom_1597633233327{margin-bottom: 0px !important;}&#8220;]Das Dentallabor Radentec hat sich ganz der Restauration von Z\u00e4hnen verschrieben. Wir sind Ihr Ansprechpartner f\u00fcr authentischen, langlebigen\u00a0 Zahnersatz aus Keramiken, thermoplastischen Kunststoffen und Metallen. Wir fertigen individuellen Zahnersatz wie Kronen, Inlays, implantatgetragenen Zahnersatz oder Prothesen an. Dieser ist nach Ihren Bed\u00fcrfnissen ma\u00dfgeschneidert, denn kein&hellip;<\/p>\n","protected":false},"author":1,"featured_media":0,"parent":0,"menu_order":0,"comment_status":"closed","ping_status":"closed","template":"","meta":{"_acf_changed":false,"footnotes":""},"class_list":["post-27","page","type-page","status-publish","hentry"],"acf":[],"_links":{"self":[{"href":"https:\/\/radentec.de\/wordpress\/wp-json\/wp\/v2\/pages\/27","targetHints":{"allow":["GET"]}}],"collection":[{"href":"https:\/\/radentec.de\/wordpress\/wp-json\/wp\/v2\/pages"}],"about":[{"href":"https:\/\/radentec.de\/wordpress\/wp-json\/wp\/v2\/types\/page"}],"author":[{"embeddable":true,"href":"https:\/\/radentec.de\/wordpress\/wp-json\/wp\/v2\/users\/1"}],"replies":[{"embeddable":true,"href":"https:\/\/radentec.de\/wordpress\/wp-json\/wp\/v2\/comments?post=27"}],"version-history":[{"count":9,"href":"https:\/\/radentec.de\/wordpress\/wp-json\/wp\/v2\/pages\/27\/revisions"}],"predecessor-version":[{"id":1471,"href":"https:\/\/radentec.de\/wordpress\/wp-json\/wp\/v2\/pages\/27\/revisions\/1471"}],"wp:attachment":[{"href":"https:\/\/radentec.de\/wordpress\/wp-json\/wp\/v2\/media?parent=27"}],"curies":[{"name":"wp","href":"https:\/\/api.w.org\/{rel}","templated":true}]}}