{"id":296,"date":"2018-11-08T15:32:23","date_gmt":"2018-11-08T15:32:23","guid":{"rendered":"https:\/\/demo-content.kaliumtheme.com\/medical\/?page_id=296"},"modified":"2025-02-10T14:11:54","modified_gmt":"2025-02-10T13:11:54","slug":"team","status":"publish","type":"page","link":"https:\/\/radentec.de\/wordpress\/team\/","title":{"rendered":"Team"},"content":{"rendered":"<section class=\"wpb-content-wrapper\"><p>[vc_row full_width=&#8220;stretch_row&#8220; el_class=&#8220;page-title&#8220;][vc_column][vc_custom_heading text=&#8220;Unser Team&#8220; font_container=&#8220;tag:h1|text_align:left|color:%232e527c&#8220; use_theme_fonts=&#8220;yes&#8220; el_class=&#8220;section-heading&#8220;][vc_column_text css=&#8220;.vc_custom_1597633290124{margin-bottom: 0px !important;}&#8220;]In unserem Labor arbeiten Fachleute mit unterschiedlichen Schwerpunkten. Mit den Fachabteilungen f\u00fcr Edelmetall, Keramik, Implantattechnologie, Kunststoff und Modellguss werden alle relevanten Bereiche des Zahntechniker-Handwerks abgedeckt.<\/p>\n<p>Erwarten Sie von uns nicht zuwenig &#8211; wir m\u00f6chten Ihnen und\u00a0Ihren Patienten mehr bieten als nur ein paar neue Z\u00e4hne.[\/vc_column_text][\/vc_column][\/vc_row][vc_row full_width=&#8220;stretch_row&#8220; css=&#8220;.vc_custom_1542209574039{background-color: #ffffff !important;}&#8220;][vc_column][vc_custom_heading text=&#8220;Mitarbeiter&#8220; font_container=&#8220;tag:h2|text_align:left|color:%232e527c&#8220; use_theme_fonts=&#8220;yes&#8220; css=&#8220;.vc_custom_1617222907114{margin-bottom: 25px !important;}&#8220;][vc_row_inner equal_height=&#8220;yes&#8220;][vc_column_inner width=&#8220;1\/4&#8243; offset=&#8220;vc_col-lg-3 vc_col-xs-6&#8243;][vc_custom_heading text=&#8220;Frau R. Sch\u00fctz&#8220; font_container=&#8220;tag:h4|text_align:left&#8220; use_theme_fonts=&#8220;yes&#8220;][vc_column_text]Prothetik, Reparaturen, Valplast, Schienen, Komposit Verblendungen, CAD\/CAM, Zirkon und Metall Ger\u00fcste[\/vc_column_text][\/vc_column_inner][vc_column_inner width=&#8220;1\/4&#8243; offset=&#8220;vc_col-lg-3 vc_col-xs-6&#8243;][vc_custom_heading text=&#8220;Herr M. L\u00fclsdorf&#8220; font_container=&#8220;tag:h4|text_align:left&#8220; use_theme_fonts=&#8220;yes&#8220;][vc_column_text]Prothetik, Reparaturen, Valplast, Schienen[\/vc_column_text][\/vc_column_inner][vc_column_inner width=&#8220;1\/4&#8243; offset=&#8220;vc_col-lg-3 vc_col-xs-6&#8243;][vc_custom_heading text=&#8220;Frau G. Haziraj&#8220; font_container=&#8220;tag:h4|text_align:left&#8220; use_theme_fonts=&#8220;yes&#8220;][vc_column_text]Prothetik, Komposite Verblendungen, Schienen[\/vc_column_text][\/vc_column_inner][vc_column_inner width=&#8220;1\/4&#8243; offset=&#8220;vc_col-lg-3 vc_col-xs-6&#8243;][vc_custom_heading text=&#8220;Herr K. Jones&#8220; font_container=&#8220;tag:h4|text_align:left&#8220; use_theme_fonts=&#8220;yes&#8220;][vc_column_text]Arbeitsvorbereitung, Mann f\u00fcr alles[\/vc_column_text][\/vc_column_inner][\/vc_row_inner][vc_row_inner equal_height=&#8220;yes&#8220;][vc_column_inner width=&#8220;1\/4&#8243; offset=&#8220;vc_col-lg-3 vc_col-xs-6&#8243;][vc_custom_heading text=&#8220;Frau ZTM S. Sch\u00e4fer&#8220; font_container=&#8220;tag:h4|text_align:left&#8220; use_theme_fonts=&#8220;yes&#8220;][vc_column_text]Co Chefin, Allrounderin[\/vc_column_text][\/vc_column_inner][vc_column_inner width=&#8220;1\/4&#8243; offset=&#8220;vc_col-lg-3 vc_col-xs-6&#8243;][vc_custom_heading text=&#8220;Frau ZTM C. Winterberg&#8220; font_container=&#8220;tag:h4|text_align:left&#8220; use_theme_fonts=&#8220;yes&#8220;][vc_column_text]Gesch\u00e4ftsf\u00fchrung\/Leitung, Allrounderin[\/vc_column_text][\/vc_column_inner][vc_column_inner width=&#8220;1\/4&#8243;][vc_custom_heading text=&#8220;Frau A. Allmann&#8220; font_container=&#8220;tag:h4|text_align:left&#8220; use_theme_fonts=&#8220;yes&#8220;][vc_column_text]Allrounderin[\/vc_column_text][\/vc_column_inner][vc_column_inner width=&#8220;1\/4&#8243;][vc_custom_heading text=&#8220;Frau R. Klawonn&#8220; font_container=&#8220;tag:h4|text_align:left&#8220; use_theme_fonts=&#8220;yes&#8220;][vc_column_text]B\u00fcrofee, Organisatorin[\/vc_column_text][\/vc_column_inner][\/vc_row_inner][\/vc_column][\/vc_row][vc_row full_width=&#8220;stretch_row&#8220; css=&#8220;.vc_custom_1543241719645{padding-top: 35px !important;}&#8220;][vc_column css=&#8220;.vc_custom_1617223472561{padding-bottom: 35px !important;}&#8220;][vc_custom_heading text=&#8220;Fahrer&#8220; font_container=&#8220;tag:h2|text_align:left|color:%232e527c&#8220; use_theme_fonts=&#8220;yes&#8220; css=&#8220;.vc_custom_1617223324529{margin-bottom: 25px !important;}&#8220;][vc_row_inner equal_height=&#8220;yes&#8220;][vc_column_inner width=&#8220;1\/4&#8243; offset=&#8220;vc_col-lg-3 vc_col-xs-6&#8243;][vc_custom_heading text=&#8220;Hr. P. Siebert&#8220; font_container=&#8220;tag:h4|text_align:left&#8220; use_theme_fonts=&#8220;yes&#8220;][\/vc_column_inner][vc_column_inner width=&#8220;1\/4&#8243; offset=&#8220;vc_col-lg-3 vc_col-xs-6&#8243;][vc_custom_heading text=&#8220;Hr. P. Helms&#8220; font_container=&#8220;tag:h4|text_align:left&#8220; use_theme_fonts=&#8220;yes&#8220;][\/vc_column_inner][vc_column_inner width=&#8220;1\/4&#8243;][vc_custom_heading text=&#8220;Hr. W. Barth&#8220; font_container=&#8220;tag:h4|text_align:left&#8220; use_theme_fonts=&#8220;yes&#8220;][\/vc_column_inner][vc_column_inner width=&#8220;1\/4&#8243;][vc_custom_heading text=&#8220;Hr. A. Zirpel&#8220; font_container=&#8220;tag:h4|text_align:left&#8220; use_theme_fonts=&#8220;yes&#8220;][\/vc_column_inner][\/vc_row_inner][\/vc_column][\/vc_row][vc_row full_width=&#8220;stretch_row&#8220; css=&#8220;.vc_custom_1542288411396{background-color: #ffffff !important;}&#8220;][vc_column][vc_row_inner][vc_column_inner width=&#8220;1\/2&#8243;][vc_column_text]<\/p>\n<h2>Karriere<\/h2>\n<p>[\/vc_column_text][\/vc_column_inner][vc_column_inner width=&#8220;1\/2&#8243;][vc_column_text]<\/p>\n<p style=\"font-weight: 400;\">Seit mehr als 40 Jahren ist die Radentec in Viernheim t\u00e4tig. Wir arbeiten, erfolgreich, mit unseren Zahn\u00e4rztinnen und Zahn\u00e4rzte \u00fcber Jahre zusammen. Durch regelm\u00e4\u00dfige Fortbildungsma\u00dfnahmen erreichen wir bestm\u00f6gliche Ergebnisse.<\/p>\n<p style=\"font-weight: 400;\">Zur Unterst\u00fctzung unseres Teams suchen wir eine\/n dynamische\/n, einsatzfreudige\/n Zahntechniker\/in f\u00fcr folgende Aufgaben:<\/p>\n<p style=\"font-weight: 400;\">Kombitechnik von A-Z, CAD-CAM Kenntnisse,Sinn f\u00fcr \u00c4sthetik,Schienen etc.<\/p>\n<p style=\"font-weight: 400;\">Wir freuen uns auf Ihre aussagekr\u00e4ftige Bewerbung.<\/p>\n<p>[\/vc_column_text][\/vc_column_inner][\/vc_row_inner][vc_row_inner content_placement=&#8220;middle&#8220; css=&#8220;.vc_custom_1543325098528{border-bottom-width: 1px !important;padding-top: 25px !important;padding-bottom: 25px !important;border-bottom-color: #ebebeb !important;border-bottom-style: solid !important;}&#8220;][vc_column_inner width=&#8220;4\/12&#8243; css=&#8220;.vc_custom_1543324856989{padding-top: 0px !important;}&#8220;][vc_column_text css=&#8220;.vc_custom_1597633592814{margin-bottom: 0px !important;padding-top: 0px !important;}&#8220;]Zahntechniker\/in[\/vc_column_text][\/vc_column_inner][vc_column_inner width=&#8220;2\/12&#8243; css=&#8220;.vc_custom_1543324853108{padding-top: 0px !important;}&#8220;][vc_column_text css=&#8220;.vc_custom_1617284608263{margin-bottom: 0px !important;padding-top: 0px !important;}&#8220;]2021[\/vc_column_text][\/vc_column_inner][vc_column_inner width=&#8220;4\/12&#8243; css=&#8220;.vc_custom_1543324847213{padding-top: 0px !important;}&#8220;][vc_column_text css=&#8220;.vc_custom_1597633605525{margin-bottom: 0px !important;padding-top: 0px !important;}&#8220;]Viernheim[\/vc_column_text][\/vc_column_inner][vc_column_inner width=&#8220;2\/12&#8243; css=&#8220;.vc_custom_1543324843714{padding-top: 0px !important;}&#8220;][vc_column_text css=&#8220;.vc_custom_1619960537243{margin-bottom: 0px !important;padding-top: 0px !important;}&#8220;]<a href=\"mailto:info@radentec.de?subject=Bewerbung als Zahntechniker\/in\">Per E-Mail bewerben \u279d<\/a>[\/vc_column_text][\/vc_column_inner][\/vc_row_inner][\/vc_column][\/vc_row]<\/p>\n<\/section>","protected":false},"excerpt":{"rendered":"<p>[vc_row full_width=&#8220;stretch_row&#8220; el_class=&#8220;page-title&#8220;][vc_column][vc_custom_heading text=&#8220;Unser Team&#8220; font_container=&#8220;tag:h1|text_align:left|color:%232e527c&#8220; use_theme_fonts=&#8220;yes&#8220; el_class=&#8220;section-heading&#8220;][vc_column_text css=&#8220;.vc_custom_1597633290124{margin-bottom: 0px !important;}&#8220;]In unserem Labor arbeiten Fachleute mit unterschiedlichen Schwerpunkten. Mit den Fachabteilungen f\u00fcr Edelmetall, Keramik, Implantattechnologie, Kunststoff und Modellguss werden alle relevanten Bereiche des Zahntechniker-Handwerks abgedeckt. Erwarten Sie von uns nicht zuwenig &#8211; wir m\u00f6chten Ihnen und\u00a0Ihren Patienten mehr bieten als nur ein paar neue Z\u00e4hne.[\/vc_column_text][\/vc_column][\/vc_row][vc_row&hellip;<\/p>\n","protected":false},"author":1,"featured_media":0,"parent":0,"menu_order":0,"comment_status":"closed","ping_status":"closed","template":"","meta":{"_acf_changed":false,"footnotes":""},"class_list":["post-296","page","type-page","status-publish","hentry"],"acf":[],"_links":{"self":[{"href":"https:\/\/radentec.de\/wordpress\/wp-json\/wp\/v2\/pages\/296","targetHints":{"allow":["GET"]}}],"collection":[{"href":"https:\/\/radentec.de\/wordpress\/wp-json\/wp\/v2\/pages"}],"about":[{"href":"https:\/\/radentec.de\/wordpress\/wp-json\/wp\/v2\/types\/page"}],"author":[{"embeddable":true,"href":"https:\/\/radentec.de\/wordpress\/wp-json\/wp\/v2\/users\/1"}],"replies":[{"embeddable":true,"href":"https:\/\/radentec.de\/wordpress\/wp-json\/wp\/v2\/comments?post=296"}],"version-history":[{"count":10,"href":"https:\/\/radentec.de\/wordpress\/wp-json\/wp\/v2\/pages\/296\/revisions"}],"predecessor-version":[{"id":1584,"href":"https:\/\/radentec.de\/wordpress\/wp-json\/wp\/v2\/pages\/296\/revisions\/1584"}],"wp:attachment":[{"href":"https:\/\/radentec.de\/wordpress\/wp-json\/wp\/v2\/media?parent=296"}],"curies":[{"name":"wp","href":"https:\/\/api.w.org\/{rel}","templated":true}]}}