{"id":41,"date":"2018-11-01T14:54:49","date_gmt":"2018-11-01T14:54:49","guid":{"rendered":"https:\/\/demo-content.kaliumtheme.com\/medical\/?page_id=41"},"modified":"2021-05-02T15:07:30","modified_gmt":"2021-05-02T13:07:30","slug":"home","status":"publish","type":"page","link":"https:\/\/radentec.de\/wordpress\/","title":{"rendered":"Startseite"},"content":{"rendered":"<section class=\"wpb-content-wrapper\"><p>[vc_row full_width=&#8220;stretch_row_content_no_spaces&#8220;][vc_column]\n\t\t\t<!-- START Hospital Slider REVOLUTION SLIDER 6.6.13 --><p class=\"rs-p-wp-fix\"><\/p>\n\t\t\t<rs-module-wrap id=\"rev_slider_1_1_wrapper\" data-source=\"gallery\" style=\"visibility:hidden;background:#686868;padding:0;margin:0px auto;margin-top:0;margin-bottom:0;\">\n\t\t\t\t<rs-module id=\"rev_slider_1_1\" style=\"\" data-version=\"6.6.13\">\n\t\t\t\t\t<rs-slides style=\"overflow: hidden; position: absolute;\">\n\t\t\t\t\t\t<rs-slide style=\"position: absolute;\" data-key=\"rs-1\" data-title=\"Medical Advices\" data-thumb=\"\/\/radentec.de\/wordpress\/wp-content\/uploads\/2021\/03\/162376601_437712473983446_1122521888875960426_n-100x50.jpg\" data-anim=\"ms:600;r:0;\" data-in=\"o:0;\" data-out=\"a:false;\">\n\t\t\t\t\t\t\t<img decoding=\"async\" src=\"\/\/radentec.de\/wordpress\/wp-content\/plugins\/revslider\/public\/assets\/assets\/dummy.png\" alt=\"\" title=\"162376601_437712473983446_1122521888875960426_n\" width=\"1440\" height=\"1080\" class=\"rev-slidebg tp-rs-img rs-lazyload\" data-lazyload=\"\/\/radentec.de\/wordpress\/wp-content\/uploads\/2021\/03\/162376601_437712473983446_1122521888875960426_n.jpg\" data-bg=\"p:left center;\" data-no-retina>\n<!---->\t\t\t\t\t\t<\/rs-slide>\n\t\t\t\t\t\t<rs-slide style=\"position: absolute;\" data-key=\"rs-2\" data-title=\"Dental Care\" data-thumb=\"\/\/radentec.de\/wordpress\/wp-content\/uploads\/2021\/03\/163284087_187315379609982_4569196629034768369_n-100x50.jpg\" data-anim=\"ms:600;r:0;\" data-in=\"o:0;\" data-out=\"a:false;\">\n\t\t\t\t\t\t\t<img decoding=\"async\" src=\"\/\/radentec.de\/wordpress\/wp-content\/plugins\/revslider\/public\/assets\/assets\/dummy.png\" alt=\"\" title=\"163284087_187315379609982_4569196629034768369_n\" width=\"1440\" height=\"1080\" class=\"rev-slidebg tp-rs-img rs-lazyload\" data-lazyload=\"\/\/radentec.de\/wordpress\/wp-content\/uploads\/2021\/03\/163284087_187315379609982_4569196629034768369_n.jpg\" data-bg=\"p:left center;\" data-no-retina>\n<!---->\t\t\t\t\t\t<\/rs-slide>\n\t\t\t\t\t\t<rs-slide style=\"position: absolute;\" data-key=\"rs-3\" data-title=\"Skilled Doctors\" data-thumb=\"\/\/radentec.de\/wordpress\/wp-content\/uploads\/2021\/03\/163300598_1146334365812728_8883011359203803989_n-100x50.jpg\" data-anim=\"ms:600;r:0;\" data-in=\"o:0;\" data-out=\"a:false;\">\n\t\t\t\t\t\t\t<img decoding=\"async\" src=\"\/\/radentec.de\/wordpress\/wp-content\/plugins\/revslider\/public\/assets\/assets\/dummy.png\" alt=\"\" title=\"163300598_1146334365812728_8883011359203803989_n\" width=\"1440\" height=\"1080\" class=\"rev-slidebg tp-rs-img rs-lazyload\" data-lazyload=\"\/\/radentec.de\/wordpress\/wp-content\/uploads\/2021\/03\/163300598_1146334365812728_8883011359203803989_n.jpg\" data-no-retina>\n<!---->\t\t\t\t\t\t<\/rs-slide>\n\t\t\t\t\t<\/rs-slides>\n\t\t\t\t<\/rs-module>\n\t\t\t\t<script>\n\t\t\t\t\tsetREVStartSize({c: 'rev_slider_1_1',rl:[1240,1024,778,480],el:[500,500,450,450],gw:[1140,1024,778,480],gh:[500,500,450,450],type:'standard',justify:'',layout:'fullwidth',mh:\"0\"});if (window.RS_MODULES!==undefined && window.RS_MODULES.modules!==undefined && window.RS_MODULES.modules[\"revslider11\"]!==undefined) {window.RS_MODULES.modules[\"revslider11\"].once = false;window.revapi1 = undefined;if (window.RS_MODULES.checkMinimal!==undefined) window.RS_MODULES.checkMinimal()}\n\t\t\t\t<\/script>\n\t\t\t<\/rs-module-wrap>\n\t\t\t<!-- END REVOLUTION SLIDER -->\n[\/vc_column][\/vc_row][vc_row full_width=&#8220;stretch_row&#8220; el_class=&#8220;welcome-box&#8220;][vc_column offset=&#8220;vc_col-lg-12 vc_col-md-12 vc_col-xs-12&#8243;][vc_custom_heading text=&#8220;Herzlich Willkommen!&#8220; use_theme_fonts=&#8220;yes&#8220; el_class=&#8220;section-heading&#8220;][vc_column_text css=&#8220;.vc_custom_1619960847887{margin-top: 20px !important;}&#8220;]Lernen Sie\u00a0unsere Arbeit und Leistungen kennen und lassen Sie sich von unserer Qualit\u00e4t \u00fcberzeugen. Denn Qualit\u00e4t ist heute seltener und wichtiger denn je. Wir streben nach Qualit\u00e4t durch perfekte Planung, beste und modernste\u00a0Technik sowie\u00a0meisterliches K\u00f6nnen. Wir \u00fcbernehmen Verantwortung und nehmen uns Zeit f\u00fcr Sie.<\/p>\n<p>Nat\u00fcrliche \u00c4sthetik, moderne Technik und zuverl\u00e4ssige Langlebigkeit zeichnen unser Meisterlabor mit 40 j\u00e4hriger Erfahrung aus. Unsere Arbeiten und Leistungen sind facettenreich und wir gehen gerne auf Ihre individuellen W\u00fcnsche ein &#8211; und doch l\u00e4sst sich unsere Leidenschaft und das Ziel unserer Arbeit kurz zusammenfassen:<\/p>\n<h3><b>Sch\u00f6ne und strahlend wei\u00dfe Z\u00e4hne<\/b><\/h3>\n<p>Informieren Sie sich hier \u00fcber\u00a0<a href=\"https:\/\/radentec.de\/wordpress\/wir-ueber-uns\/\">unsere Techniken<\/a>,\u00a0<a href=\"https:\/\/radentec.de\/wordpress\/team\/\">unser Team<\/a>\u00a0und\u00a0<a href=\"https:\/\/radentec.de\/wordpress\/produkte\/\">unsere Leistungen<\/a>.<\/p>\n<p>Wir freuen uns auf Ihren Anruf oder Ihre E-Mail und beantworten Ihnen gerne n\u00e4here Fragen in einem pers\u00f6nlichen Gespr\u00e4ch.[\/vc_column_text][\/vc_column][\/vc_row]<\/p>\n<\/section>","protected":false},"excerpt":{"rendered":"<p>[vc_row full_width=&#8220;stretch_row_content_no_spaces&#8220;][vc_column][\/vc_column][\/vc_row][vc_row full_width=&#8220;stretch_row&#8220; el_class=&#8220;welcome-box&#8220;][vc_column offset=&#8220;vc_col-lg-12 vc_col-md-12 vc_col-xs-12&#8243;][vc_custom_heading text=&#8220;Herzlich Willkommen!&#8220; use_theme_fonts=&#8220;yes&#8220; el_class=&#8220;section-heading&#8220;][vc_column_text css=&#8220;.vc_custom_1619960847887{margin-top: 20px !important;}&#8220;]Lernen Sie\u00a0unsere Arbeit und Leistungen kennen und lassen Sie sich von unserer Qualit\u00e4t \u00fcberzeugen. Denn Qualit\u00e4t ist heute seltener und wichtiger denn je. Wir streben nach Qualit\u00e4t durch perfekte Planung, beste und modernste\u00a0Technik sowie\u00a0meisterliches K\u00f6nnen. Wir \u00fcbernehmen Verantwortung und nehmen uns Zeit&hellip;<\/p>\n","protected":false},"author":1,"featured_media":1358,"parent":0,"menu_order":0,"comment_status":"closed","ping_status":"closed","template":"","meta":{"_acf_changed":false,"footnotes":""},"class_list":["post-41","page","type-page","status-publish","has-post-thumbnail","hentry"],"acf":[],"_links":{"self":[{"href":"https:\/\/radentec.de\/wordpress\/wp-json\/wp\/v2\/pages\/41","targetHints":{"allow":["GET"]}}],"collection":[{"href":"https:\/\/radentec.de\/wordpress\/wp-json\/wp\/v2\/pages"}],"about":[{"href":"https:\/\/radentec.de\/wordpress\/wp-json\/wp\/v2\/types\/page"}],"author":[{"embeddable":true,"href":"https:\/\/radentec.de\/wordpress\/wp-json\/wp\/v2\/users\/1"}],"replies":[{"embeddable":true,"href":"https:\/\/radentec.de\/wordpress\/wp-json\/wp\/v2\/comments?post=41"}],"version-history":[{"count":13,"href":"https:\/\/radentec.de\/wordpress\/wp-json\/wp\/v2\/pages\/41\/revisions"}],"predecessor-version":[{"id":1559,"href":"https:\/\/radentec.de\/wordpress\/wp-json\/wp\/v2\/pages\/41\/revisions\/1559"}],"wp:featuredmedia":[{"embeddable":true,"href":"https:\/\/radentec.de\/wordpress\/wp-json\/wp\/v2\/media\/1358"}],"wp:attachment":[{"href":"https:\/\/radentec.de\/wordpress\/wp-json\/wp\/v2\/media?parent=41"}],"curies":[{"name":"wp","href":"https:\/\/api.w.org\/{rel}","templated":true}]}}